{"id":33,"date":"2015-06-24T12:32:29","date_gmt":"2015-06-24T12:32:29","guid":{"rendered":"http:\/\/hepako-giesserei.de\/?page_id=33"},"modified":"2022-09-07T13:13:08","modified_gmt":"2022-09-07T13:13:08","slug":"oldtimer-2","status":"publish","type":"page","link":"https:\/\/hepako-giesserei.de\/?page_id=33","title":{"rendered":"Oldtimer"},"content":{"rendered":"<div>Wir bieten Ihnen die M\u00f6glichkeit, Ihre Modelle und Muster in den von Ihnen gew\u00fcnschten Metallen zu vergiessen.<br \/>\nIm Automobilbau ist das Gie\u00dfen eine der wichtigsten Umformungsmethoden.<br \/>\nDer Nachguss von (nicht mehr lieferbaren) Ersatzteilen, wie z.B. Zylinderk\u00f6pfe und Motorengeh\u00e4use, ist eine Spezialit\u00e4t von uns.<\/div>\n<div><img loading=\"lazy\" class=\"alignleft wp-image-39 size-full\" style=\"margin-bottom: 30px;\" src=\"http:\/\/hepako-giesserei.de\/wp-content\/uploads\/2015\/06\/grauguss.jpg\" alt=\"grauguss\" width=\"400\" height=\"256\" srcset=\"https:\/\/hepako-giesserei.de\/wp-content\/uploads\/2015\/06\/grauguss.jpg 400w, https:\/\/hepako-giesserei.de\/wp-content\/uploads\/2015\/06\/grauguss-300x192.jpg 300w\" sizes=\"(max-width: 400px) 100vw, 400px\" \/><\/div>\n<div><img loading=\"lazy\" class=\"alignright wp-image-45 size-full\" style=\"margin-bottom: 30px;\" src=\"http:\/\/hepako-giesserei.de\/wp-content\/uploads\/2015\/06\/oldtimer.jpg\" alt=\"oldtimer\" width=\"300\" height=\"351\" srcset=\"https:\/\/hepako-giesserei.de\/wp-content\/uploads\/2015\/06\/oldtimer.jpg 300w, https:\/\/hepako-giesserei.de\/wp-content\/uploads\/2015\/06\/oldtimer-256x300.jpg 256w\" sizes=\"(max-width: 300px) 100vw, 300px\" \/><\/div>\n<div><img loading=\"lazy\" class=\"alignleft size-full wp-image-148\" style=\"margin-bottom: 30px;\" src=\"http:\/\/hepako-giesserei.de\/wp-content\/uploads\/2015\/06\/oldtimer_maske.jpg\" alt=\"\" width=\"600\" height=\"516\" srcset=\"https:\/\/hepako-giesserei.de\/wp-content\/uploads\/2015\/06\/oldtimer_maske.jpg 600w, https:\/\/hepako-giesserei.de\/wp-content\/uploads\/2015\/06\/oldtimer_maske-300x258.jpg 300w\" sizes=\"(max-width: 600px) 100vw, 600px\" \/><\/div>\n","protected":false},"excerpt":{"rendered":"<p>Wir bieten Ihnen die M\u00f6glichkeit, Ihre Modelle und Muster in den von Ihnen gew\u00fcnschten Metallen zu vergiessen. Im Automobilbau ist das Gie\u00dfen eine der wichtigsten Umformungsmethoden. Der Nachguss von (nicht mehr lieferbaren) Ersatzteilen, wie z.B. Zylinderk\u00f6pfe und Motorengeh\u00e4use, ist eine Spezialit\u00e4t von uns.<\/p>\n","protected":false},"author":1,"featured_media":0,"parent":0,"menu_order":0,"comment_status":"closed","ping_status":"open","template":"","meta":[],"_links":{"self":[{"href":"https:\/\/hepako-giesserei.de\/index.php?rest_route=\/wp\/v2\/pages\/33"}],"collection":[{"href":"https:\/\/hepako-giesserei.de\/index.php?rest_route=\/wp\/v2\/pages"}],"about":[{"href":"https:\/\/hepako-giesserei.de\/index.php?rest_route=\/wp\/v2\/types\/page"}],"author":[{"embeddable":true,"href":"https:\/\/hepako-giesserei.de\/index.php?rest_route=\/wp\/v2\/users\/1"}],"replies":[{"embeddable":true,"href":"https:\/\/hepako-giesserei.de\/index.php?rest_route=%2Fwp%2Fv2%2Fcomments&post=33"}],"version-history":[{"count":5,"href":"https:\/\/hepako-giesserei.de\/index.php?rest_route=\/wp\/v2\/pages\/33\/revisions"}],"predecessor-version":[{"id":217,"href":"https:\/\/hepako-giesserei.de\/index.php?rest_route=\/wp\/v2\/pages\/33\/revisions\/217"}],"wp:attachment":[{"href":"https:\/\/hepako-giesserei.de\/index.php?rest_route=%2Fwp%2Fv2%2Fmedia&parent=33"}],"curies":[{"name":"wp","href":"https:\/\/api.w.org\/{rel}","templated":true}]}}