{"id":108,"date":"2017-09-13T08:25:57","date_gmt":"2017-09-13T08:25:57","guid":{"rendered":"http:\/\/hepako-giesserei.de\/?page_id=108"},"modified":"2017-09-13T12:56:46","modified_gmt":"2017-09-13T12:56:46","slug":"kunstguss","status":"publish","type":"page","link":"https:\/\/hepako-giesserei.de\/?page_id=108","title":{"rendered":"Kunstguss"},"content":{"rendered":"<p>Senden Sie uns ein Foto oder eine Strichzeichnung von Ihrem Liebling.<br \/>\nHieraus fertigen wir hochwertige Relief- oder Schriftbildplatten aus Bronze, Messing oder anderen Metallen, z.B. f\u00fcr Boxenschilder oder als Geschenkidee.<br \/>\nDie Platten k\u00f6nnen individuell nach Ihren W\u00fcnschen gestaltet werden.<\/p>\n<div>\n<h2>Bildplatten<\/h2>\n<p><img loading=\"lazy\" class=\"size-full wp-image-116 alignleft\" style=\"margin-bottom: 30px;\" src=\"http:\/\/hepako-giesserei.de\/wp-content\/uploads\/2017\/09\/pferdplatte.jpg\" alt=\"\" width=\"508\" height=\"381\" srcset=\"https:\/\/hepako-giesserei.de\/wp-content\/uploads\/2017\/09\/pferdplatte.jpg 508w, https:\/\/hepako-giesserei.de\/wp-content\/uploads\/2017\/09\/pferdplatte-300x225.jpg 300w\" sizes=\"(max-width: 508px) 100vw, 508px\" \/><\/p>\n<\/div>\n<div class=\"spacer\"><\/div>\n<div>\n<h2><\/h2>\n<h2>Reliefplatten<\/h2>\n<p><img loading=\"lazy\" class=\"alignright size-full wp-image-125\" style=\"margin-bottom: 30px;\" src=\"http:\/\/hepako-giesserei.de\/wp-content\/uploads\/2017\/09\/reliefplatte.jpg\" alt=\"\" width=\"600\" height=\"449\" srcset=\"https:\/\/hepako-giesserei.de\/wp-content\/uploads\/2017\/09\/reliefplatte.jpg 600w, https:\/\/hepako-giesserei.de\/wp-content\/uploads\/2017\/09\/reliefplatte-300x225.jpg 300w\" sizes=\"(max-width: 600px) 100vw, 600px\" \/><\/p>\n<\/div>\n<div class=\"spacer\"><\/div>\n<div>\n<h2>Gedenkplatten<\/h2>\n<p><img loading=\"lazy\" class=\"alignleft size-full wp-image-136\" style=\"margin-bottom: 30px;\" src=\"http:\/\/hepako-giesserei.de\/wp-content\/uploads\/2017\/09\/gedenkplatte_schaaff.jpg\" alt=\"\" width=\"600\" height=\"504\" srcset=\"https:\/\/hepako-giesserei.de\/wp-content\/uploads\/2017\/09\/gedenkplatte_schaaff.jpg 600w, https:\/\/hepako-giesserei.de\/wp-content\/uploads\/2017\/09\/gedenkplatte_schaaff-300x252.jpg 300w\" sizes=\"(max-width: 600px) 100vw, 600px\" \/><\/p>\n<p>Zu sehen in der Mall of Fame, Lloyd-Passage Bremen<\/p>\n<\/div>\n<div class=\"spacer\"><\/div>\n<div>\n<h2>Schriftplatten<\/h2>\n<p><img loading=\"lazy\" class=\"alignright size-full wp-image-134\" style=\"margin-bottom: 30px;\" src=\"http:\/\/hepako-giesserei.de\/wp-content\/uploads\/2017\/09\/schriftplatte.jpg\" alt=\"\" width=\"600\" height=\"559\" srcset=\"https:\/\/hepako-giesserei.de\/wp-content\/uploads\/2017\/09\/schriftplatte.jpg 600w, https:\/\/hepako-giesserei.de\/wp-content\/uploads\/2017\/09\/schriftplatte-300x280.jpg 300w\" sizes=\"(max-width: 600px) 100vw, 600px\" \/><\/p>\n<\/div>\n<div class=\"spacer\"><\/div>\n<div>\n<h2>Skulpturen<\/h2>\n<p><img loading=\"lazy\" class=\"alignleft size-full wp-image-146\" src=\"http:\/\/hepako-giesserei.de\/wp-content\/uploads\/2017\/09\/kunstguss_schaedel.jpg\" alt=\"\" width=\"600\" height=\"689\" srcset=\"https:\/\/hepako-giesserei.de\/wp-content\/uploads\/2017\/09\/kunstguss_schaedel.jpg 600w, https:\/\/hepako-giesserei.de\/wp-content\/uploads\/2017\/09\/kunstguss_schaedel-261x300.jpg 261w\" sizes=\"(max-width: 600px) 100vw, 600px\" \/><\/p>\n<\/div>\n","protected":false},"excerpt":{"rendered":"<p>Senden Sie uns ein Foto oder eine Strichzeichnung von Ihrem Liebling. Hieraus fertigen wir hochwertige Relief- oder Schriftbildplatten aus Bronze, Messing oder anderen Metallen, z.B. f\u00fcr Boxenschilder oder als Geschenkidee. Die Platten k\u00f6nnen individuell nach Ihren W\u00fcnschen gestaltet werden. Bildplatten Reliefplatten Gedenkplatten Zu sehen in der Mall of Fame, Lloyd-Passage Bremen Schriftplatten Skulpturen<\/p>\n","protected":false},"author":1,"featured_media":0,"parent":0,"menu_order":0,"comment_status":"closed","ping_status":"closed","template":"","meta":[],"_links":{"self":[{"href":"https:\/\/hepako-giesserei.de\/index.php?rest_route=\/wp\/v2\/pages\/108"}],"collection":[{"href":"https:\/\/hepako-giesserei.de\/index.php?rest_route=\/wp\/v2\/pages"}],"about":[{"href":"https:\/\/hepako-giesserei.de\/index.php?rest_route=\/wp\/v2\/types\/page"}],"author":[{"embeddable":true,"href":"https:\/\/hepako-giesserei.de\/index.php?rest_route=\/wp\/v2\/users\/1"}],"replies":[{"embeddable":true,"href":"https:\/\/hepako-giesserei.de\/index.php?rest_route=%2Fwp%2Fv2%2Fcomments&post=108"}],"version-history":[{"count":19,"href":"https:\/\/hepako-giesserei.de\/index.php?rest_route=\/wp\/v2\/pages\/108\/revisions"}],"predecessor-version":[{"id":147,"href":"https:\/\/hepako-giesserei.de\/index.php?rest_route=\/wp\/v2\/pages\/108\/revisions\/147"}],"wp:attachment":[{"href":"https:\/\/hepako-giesserei.de\/index.php?rest_route=%2Fwp%2Fv2%2Fmedia&parent=108"}],"curies":[{"name":"wp","href":"https:\/\/api.w.org\/{rel}","templated":true}]}}